{"id":2,"date":"2019-09-05T17:29:59","date_gmt":"2019-09-05T20:29:59","guid":{"rendered":"http:\/\/localhost\/blog\/?page_id=2"},"modified":"2020-04-02T13:28:27","modified_gmt":"2020-04-02T16:28:27","slug":"contabilidade-online","status":"publish","type":"page","link":"https:\/\/www.contabilizei.com.br\/contabilidade-online\/","title":{"rendered":"Home"},"content":{"rendered":"","protected":false},"excerpt":{"rendered":"","protected":false},"author":55,"featured_media":865,"parent":0,"menu_order":0,"comment_status":"open","ping_status":"open","template":"page-templates\/home-template.php","meta":{"footnotes":""},"acf":[],"yoast_head":"<!-- This site is optimized with the Yoast SEO plugin v24.5 - https:\/\/yoast.com\/wordpress\/plugins\/seo\/ -->\n<title>Blog da Contabilizei | Tudo sobre empreendedorismo e contabilidade<\/title>\n<meta name=\"description\" content=\"No blog da Contabilizei voc\u00ea tem informa\u00e7\u00f5es sobre empreeendedorismo, gest\u00e3o, informa\u00e7\u00f5es cont\u00e1beis e mais coisas para ajudar voc\u00ea e sua empresa! Confira!\" \/>\n<meta name=\"robots\" content=\"index, follow\" \/>\n<link rel=\"canonical\" href=\"https:\/\/www.contabilizei.com.br\/contabilidade-online\/\" \/>\n<meta property=\"og:locale\" content=\"pt_BR\" \/>\n<meta property=\"og:type\" content=\"article\" \/>\n<meta property=\"og:title\" content=\"Blog da Contabilizei | Tudo sobre empreendedorismo e contabilidade\" \/>\n<meta property=\"og:description\" content=\"No blog da Contabilizei voc\u00ea tem informa\u00e7\u00f5es sobre empreeendedorismo, gest\u00e3o, informa\u00e7\u00f5es cont\u00e1beis e mais coisas para ajudar voc\u00ea e sua empresa! Confira!\" \/>\n<meta property=\"og:url\" content=\"https:\/\/www.contabilizei.com.br\/contabilidade-online\/\" \/>\n<meta property=\"og:site_name\" content=\"Blog da Contabilizei\" \/>\n<meta property=\"article:publisher\" content=\"https:\/\/www.facebook.com\/Contabilizei\/\" \/>\n<meta property=\"article:modified_time\" content=\"2020-04-02T16:28:27+00:00\" \/>\n<meta property=\"og:image\" content=\"https:\/\/www.contabilizei.com.br\/contabilidade-online\/wp-content\/uploads\/2019\/09\/thumbs_blog-2.jpg\" \/>\n\t<meta property=\"og:image:width\" content=\"1200\" \/>\n\t<meta property=\"og:image:height\" content=\"1200\" \/>\n\t<meta property=\"og:image:type\" content=\"image\/jpeg\" \/>\n<meta name=\"twitter:card\" content=\"summary_large_image\" \/>\n<meta name=\"twitter:site\" content=\"@contabilizei\" \/>\n<!-- \/ Yoast SEO plugin. -->","yoast_head_json":{"title":"Blog da Contabilizei | Tudo sobre empreendedorismo e contabilidade","description":"No blog da Contabilizei voc\u00ea tem informa\u00e7\u00f5es sobre empreeendedorismo, gest\u00e3o, informa\u00e7\u00f5es cont\u00e1beis e mais coisas para ajudar voc\u00ea e sua empresa! Confira!","robots":{"index":"index","follow":"follow"},"canonical":"https:\/\/www.contabilizei.com.br\/contabilidade-online\/","og_locale":"pt_BR","og_type":"article","og_title":"Blog da Contabilizei | Tudo sobre empreendedorismo e contabilidade","og_description":"No blog da Contabilizei voc\u00ea tem informa\u00e7\u00f5es sobre empreeendedorismo, gest\u00e3o, informa\u00e7\u00f5es cont\u00e1beis e mais coisas para ajudar voc\u00ea e sua empresa! Confira!","og_url":"https:\/\/www.contabilizei.com.br\/contabilidade-online\/","og_site_name":"Blog da Contabilizei","article_publisher":"https:\/\/www.facebook.com\/Contabilizei\/","article_modified_time":"2020-04-02T16:28:27+00:00","og_image":[{"width":1200,"height":1200,"url":"https:\/\/www.contabilizei.com.br\/contabilidade-online\/wp-content\/uploads\/2019\/09\/thumbs_blog-2.jpg","type":"image\/jpeg"}],"twitter_card":"summary_large_image","twitter_site":"@contabilizei","schema":{"@context":"https:\/\/schema.org","@graph":[{"@type":"WebPage","@id":"https:\/\/www.contabilizei.com.br\/contabilidade-online\/","url":"https:\/\/www.contabilizei.com.br\/contabilidade-online\/","name":"Blog da Contabilizei | Tudo sobre empreendedorismo e contabilidade","isPartOf":{"@id":"https:\/\/www.contabilizei.com.br\/contabilidade-online\/#website"},"primaryImageOfPage":{"@id":"https:\/\/www.contabilizei.com.br\/contabilidade-online\/#primaryimage"},"image":{"@id":"https:\/\/www.contabilizei.com.br\/contabilidade-online\/#primaryimage"},"thumbnailUrl":"https:\/\/www.contabilizei.com.br\/contabilidade-online\/wp-content\/uploads\/2019\/09\/thumbs_blog-2.jpg?wsr","datePublished":"2019-09-05T20:29:59+00:00","dateModified":"2020-04-02T16:28:27+00:00","description":"No blog da Contabilizei voc\u00ea tem informa\u00e7\u00f5es sobre empreeendedorismo, gest\u00e3o, informa\u00e7\u00f5es cont\u00e1beis e mais coisas para ajudar voc\u00ea e sua empresa! Confira!","breadcrumb":{"@id":"https:\/\/www.contabilizei.com.br\/contabilidade-online\/#breadcrumb"},"inLanguage":"pt-BR","potentialAction":[{"@type":"ReadAction","target":["https:\/\/www.contabilizei.com.br\/contabilidade-online\/"]}]},{"@type":"ImageObject","inLanguage":"pt-BR","@id":"https:\/\/www.contabilizei.com.br\/contabilidade-online\/#primaryimage","url":"https:\/\/www.contabilizei.com.br\/contabilidade-online\/wp-content\/uploads\/2019\/09\/thumbs_blog-2.jpg?wsr","contentUrl":"https:\/\/www.contabilizei.com.br\/contabilidade-online\/wp-content\/uploads\/2019\/09\/thumbs_blog-2.jpg?wsr","width":1200,"height":1200},{"@type":"BreadcrumbList","@id":"https:\/\/www.contabilizei.com.br\/contabilidade-online\/#breadcrumb","itemListElement":[{"@type":"ListItem","position":1,"name":"Home","item":"https:\/\/www.contabilizei.com.br\/contabilidade-online\/"},{"@type":"ListItem","position":2,"name":"Home"}]},{"@type":"WebSite","@id":"https:\/\/www.contabilizei.com.br\/contabilidade-online\/#website","url":"https:\/\/www.contabilizei.com.br\/contabilidade-online\/","name":"Blog da Contabilizei","description":"Apoiando o empreendedorismo desde 2013","publisher":{"@id":"https:\/\/www.contabilizei.com.br\/contabilidade-online\/#organization"},"potentialAction":[{"@type":"SearchAction","target":{"@type":"EntryPoint","urlTemplate":"https:\/\/www.contabilizei.com.br\/contabilidade-online\/?s={search_term_string}"},"query-input":{"@type":"PropertyValueSpecification","valueRequired":true,"valueName":"search_term_string"}}],"inLanguage":"pt-BR"},{"@type":"Organization","@id":"https:\/\/www.contabilizei.com.br\/contabilidade-online\/#organization","name":"Contabilizei Contabilidade","url":"https:\/\/www.contabilizei.com.br\/contabilidade-online\/","logo":{"@type":"ImageObject","inLanguage":"pt-BR","@id":"https:\/\/www.contabilizei.com.br\/contabilidade-online\/#\/schema\/logo\/image\/","url":"","contentUrl":"","caption":"Contabilizei Contabilidade"},"image":{"@id":"https:\/\/www.contabilizei.com.br\/contabilidade-online\/#\/schema\/logo\/image\/"},"sameAs":["https:\/\/www.facebook.com\/Contabilizei\/","https:\/\/x.com\/contabilizei","https:\/\/www.instagram.com\/contabilizei\/","https:\/\/www.linkedin.com\/company\/contabilizei\/","https:\/\/www.youtube.com\/channel\/UCNAlIbSjWxrDLDllQUug8dA","https:\/\/pt.wikipedia.org\/wiki\/Contabilizei"]}]}},"_links":{"self":[{"href":"https:\/\/www.contabilizei.com.br\/contabilidade-online\/wp-json\/wp\/v2\/pages\/2"}],"collection":[{"href":"https:\/\/www.contabilizei.com.br\/contabilidade-online\/wp-json\/wp\/v2\/pages"}],"about":[{"href":"https:\/\/www.contabilizei.com.br\/contabilidade-online\/wp-json\/wp\/v2\/types\/page"}],"author":[{"embeddable":true,"href":"https:\/\/www.contabilizei.com.br\/contabilidade-online\/wp-json\/wp\/v2\/users\/55"}],"replies":[{"embeddable":true,"href":"https:\/\/www.contabilizei.com.br\/contabilidade-online\/wp-json\/wp\/v2\/comments?post=2"}],"version-history":[{"count":0,"href":"https:\/\/www.contabilizei.com.br\/contabilidade-online\/wp-json\/wp\/v2\/pages\/2\/revisions"}],"wp:featuredmedia":[{"embeddable":true,"href":"https:\/\/www.contabilizei.com.br\/contabilidade-online\/wp-json\/wp\/v2\/media\/865"}],"wp:attachment":[{"href":"https:\/\/www.contabilizei.com.br\/contabilidade-online\/wp-json\/wp\/v2\/media?parent=2"}],"curies":[{"name":"wp","href":"https:\/\/api.w.org\/{rel}","templated":true}]}}